{"id":8982,"date":"2024-12-25T10:05:25","date_gmt":"2024-12-25T08:05:25","guid":{"rendered":"https:\/\/www.mahkemeler.net\/?page_id=8982"},"modified":"2025-08-12T13:44:25","modified_gmt":"2025-08-12T11:44:25","slug":"gazimagusa-agir-ceza-mahkemesi","status":"publish","type":"page","link":"https:\/\/www.mahkemeler.net\/en\/gazimagusa-agir-ceza-mahkemesi","title":{"rendered":"Assize Court of Famagusta"},"content":{"rendered":"<div data-elementor-type=\"wp-page\" data-elementor-id=\"8982\" class=\"elementor elementor-8982\">\n\t\t\t\t<div class=\"elementor-element elementor-element-b09c426 e-flex e-con-boxed e-con e-parent\" data-id=\"b09c426\" data-element_type=\"container\">\n\t\t\t\t\t<div class=\"e-con-inner\">\n\t\t\t\t<div class=\"elementor-element elementor-element-52f479d elementor-widget elementor-widget-heading\" data-id=\"52f479d\" data-element_type=\"widget\" data-widget_type=\"heading.default\">\n\t\t\t\t<div class=\"elementor-widget-container\">\n\t\t\t<h1 class=\"elementor-heading-title elementor-size-default\">Judges of the Assize Court of Famagusta<\/h1>\t\t<\/div>\n\t\t\t\t<\/div>\n\t\t\t\t\t<\/div>\n\t\t\t\t<\/div>\n\t\t<div class=\"elementor-element elementor-element-655b4f1 e-grid e-con-boxed e-con e-parent\" data-id=\"655b4f1\" data-element_type=\"container\">\n\t\t\t\t\t<div class=\"e-con-inner\">\n\t\t\t\t<div class=\"elementor-element elementor-element-45b2e79 elementor-widget elementor-widget-teams_widget\" data-id=\"45b2e79\" data-element_type=\"widget\" data-widget_type=\"teams_widget.default\">\n\t\t\t\t<div class=\"elementor-widget-container\">\n\t\t\t<div class=\"our-team2\">\r\n    <div class=\"team_img2\">\r\n        <img decoding=\"async\" src=\"\">\r\n        <ul class=\"social2\">\r\n                    <\/ul>\r\n    <\/div>\r\n    <div class=\"team-content2\">\r\n        <h3 class=\"title2 team_titls\">Hasan Da\u011fl\u0131<\/h3>\r\n        <span class=\"post2 team_desc\">President District Court<\/span>\r\n    <\/div>\r\n<\/div>\t\t<\/div>\n\t\t\t\t<\/div>\n\t\t\t\t<div class=\"elementor-element elementor-element-d7ff281 elementor-widget elementor-widget-teams_widget\" data-id=\"d7ff281\" data-element_type=\"widget\" data-widget_type=\"teams_widget.default\">\n\t\t\t\t<div class=\"elementor-widget-container\">\n\t\t\t<div class=\"our-team2\">\r\n    <div class=\"team_img2\">\r\n        <img decoding=\"async\" src=\"\">\r\n        <ul class=\"social2\">\r\n                    <\/ul>\r\n    <\/div>\r\n    <div class=\"team-content2\">\r\n        <h3 class=\"title2 team_titls\">G\u00f6kan Asafo\u011fullar\u0131<\/h3>\r\n        <span class=\"post2 team_desc\">Senior District Judge<\/span>\r\n    <\/div>\r\n<\/div>\t\t<\/div>\n\t\t\t\t<\/div>\n\t\t\t\t<div class=\"elementor-element elementor-element-8850afe elementor-widget elementor-widget-teams_widget\" data-id=\"8850afe\" data-element_type=\"widget\" data-widget_type=\"teams_widget.default\">\n\t\t\t\t<div class=\"elementor-widget-container\">\n\t\t\t<div class=\"our-team2\">\r\n    <div class=\"team_img2\">\r\n        <img decoding=\"async\" src=\"\">\r\n        <ul class=\"social2\">\r\n                    <\/ul>\r\n    <\/div>\r\n    <div class=\"team-content2\">\r\n        <h3 class=\"title2 team_titls\">Cemal G\u00fcnd\u00fcz<\/h3>\r\n        <span class=\"post2 team_desc\">District Judge<\/span>\r\n    <\/div>\r\n<\/div>\t\t<\/div>\n\t\t\t\t<\/div>\n\t\t\t\t\t<\/div>\n\t\t\t\t<\/div>\n\t\t\t\t<\/div>","protected":false},"excerpt":{"rendered":"<p>Gazima\u011fusa A\u011f\u0131r Ceza Mahkemesi Yarg\u0131\u00e7lar\u0131 Hasan Da\u011fl\u0131 Kaza Mahkemesi Ba\u015fkan\u0131 G\u00f6kan Asafo\u011fullar\u0131 Kaza Mahkemesi K\u0131demli Yarg\u0131c\u0131 Cemal G\u00fcnd\u00fcz Kaza Mahkemesi Yarg\u0131c\u0131<\/p>","protected":false},"author":3,"featured_media":0,"parent":0,"menu_order":0,"comment_status":"closed","ping_status":"closed","template":"","meta":{"om_disable_all_campaigns":false,"_monsterinsights_skip_tracking":false,"_monsterinsights_sitenote_active":false,"_monsterinsights_sitenote_note":"","_monsterinsights_sitenote_category":0,"_uf_show_specific_survey":0,"_uf_disable_surveys":false,"footnotes":""},"class_list":["post-8982","page","type-page","status-publish","hentry"],"aioseo_notices":[],"_links":{"self":[{"href":"https:\/\/www.mahkemeler.net\/en\/wp-json\/wp\/v2\/pages\/8982","targetHints":{"allow":["GET"]}}],"collection":[{"href":"https:\/\/www.mahkemeler.net\/en\/wp-json\/wp\/v2\/pages"}],"about":[{"href":"https:\/\/www.mahkemeler.net\/en\/wp-json\/wp\/v2\/types\/page"}],"author":[{"embeddable":true,"href":"https:\/\/www.mahkemeler.net\/en\/wp-json\/wp\/v2\/users\/3"}],"replies":[{"embeddable":true,"href":"https:\/\/www.mahkemeler.net\/en\/wp-json\/wp\/v2\/comments?post=8982"}],"version-history":[{"count":17,"href":"https:\/\/www.mahkemeler.net\/en\/wp-json\/wp\/v2\/pages\/8982\/revisions"}],"predecessor-version":[{"id":9438,"href":"https:\/\/www.mahkemeler.net\/en\/wp-json\/wp\/v2\/pages\/8982\/revisions\/9438"}],"wp:attachment":[{"href":"https:\/\/www.mahkemeler.net\/en\/wp-json\/wp\/v2\/media?parent=8982"}],"curies":[{"name":"wp","href":"https:\/\/api.w.org\/{rel}","templated":true}]}}