{"id":8912,"date":"2024-12-20T09:17:12","date_gmt":"2024-12-20T07:17:12","guid":{"rendered":"https:\/\/www.mahkemeler.net\/?page_id=8912"},"modified":"2025-08-12T13:36:02","modified_gmt":"2025-08-12T11:36:02","slug":"guzelyurt-kaza-mahkemesi","status":"publish","type":"page","link":"https:\/\/www.mahkemeler.net\/en\/guzelyurt-kaza-mahkemesi","title":{"rendered":"District Court of Morphou"},"content":{"rendered":"<div data-elementor-type=\"wp-page\" data-elementor-id=\"8912\" class=\"elementor elementor-8912\">\n\t\t\t\t<div class=\"elementor-element elementor-element-b09c426 e-flex e-con-boxed e-con e-parent\" data-id=\"b09c426\" data-element_type=\"container\">\n\t\t\t\t\t<div class=\"e-con-inner\">\n\t\t\t\t<div class=\"elementor-element elementor-element-52f479d elementor-widget elementor-widget-heading\" data-id=\"52f479d\" data-element_type=\"widget\" data-widget_type=\"heading.default\">\n\t\t\t\t<div class=\"elementor-widget-container\">\n\t\t\t<h1 class=\"elementor-heading-title elementor-size-default\">Judges of the District Court of Morphou<\/h1>\t\t<\/div>\n\t\t\t\t<\/div>\n\t\t\t\t\t<\/div>\n\t\t\t\t<\/div>\n\t\t<div class=\"elementor-element elementor-element-655b4f1 e-grid e-con-boxed e-con e-parent\" data-id=\"655b4f1\" data-element_type=\"container\">\n\t\t\t\t\t<div class=\"e-con-inner\">\n\t\t\t\t<div class=\"elementor-element elementor-element-45b2e79 elementor-widget elementor-widget-teams_widget\" data-id=\"45b2e79\" data-element_type=\"widget\" data-widget_type=\"teams_widget.default\">\n\t\t\t\t<div class=\"elementor-widget-container\">\n\t\t\t<div class=\"our-team2\">\r\n    <div class=\"team_img2\">\r\n        <img decoding=\"async\" src=\"\">\r\n        <ul class=\"social2\">\r\n                    <\/ul>\r\n    <\/div>\r\n    <div class=\"team-content2\">\r\n        <h3 class=\"title2 team_titls\">Banu Soyer Ekinci<\/h3>\r\n        <span class=\"post2 team_desc\">President District Court<\/span>\r\n    <\/div>\r\n<\/div>\t\t<\/div>\n\t\t\t\t<\/div>\n\t\t\t\t<div class=\"elementor-element elementor-element-d7ff281 elementor-widget elementor-widget-teams_widget\" data-id=\"d7ff281\" data-element_type=\"widget\" data-widget_type=\"teams_widget.default\">\n\t\t\t\t<div class=\"elementor-widget-container\">\n\t\t\t<div class=\"our-team2\">\r\n    <div class=\"team_img2\">\r\n        <img decoding=\"async\" src=\"\">\r\n        <ul class=\"social2\">\r\n                    <\/ul>\r\n    <\/div>\r\n    <div class=\"team-content2\">\r\n        <h3 class=\"title2 team_titls\">Nuray Necdet<\/h3>\r\n        <span class=\"post2 team_desc\">District Judge<\/span>\r\n    <\/div>\r\n<\/div>\t\t<\/div>\n\t\t\t\t<\/div>\n\t\t\t\t\t<\/div>\n\t\t\t\t<\/div>\n\t\t\t\t<\/div>","protected":false},"excerpt":{"rendered":"<p>G\u00fczelyurt Kaza Mahkemesi Yarg\u0131\u00e7lar\u0131 Banu Soyer Ekinci Kaza Mahkemesi Ba\u015fkan\u0131 Nuray Necdet Kaza Mahkemesi Yarg\u0131c\u0131<\/p>","protected":false},"author":5,"featured_media":0,"parent":0,"menu_order":0,"comment_status":"closed","ping_status":"closed","template":"","meta":{"om_disable_all_campaigns":false,"_monsterinsights_skip_tracking":false,"_monsterinsights_sitenote_active":false,"_monsterinsights_sitenote_note":"","_monsterinsights_sitenote_category":0,"_uf_show_specific_survey":0,"_uf_disable_surveys":false,"footnotes":""},"class_list":["post-8912","page","type-page","status-publish","hentry"],"aioseo_notices":[],"_links":{"self":[{"href":"https:\/\/www.mahkemeler.net\/en\/wp-json\/wp\/v2\/pages\/8912","targetHints":{"allow":["GET"]}}],"collection":[{"href":"https:\/\/www.mahkemeler.net\/en\/wp-json\/wp\/v2\/pages"}],"about":[{"href":"https:\/\/www.mahkemeler.net\/en\/wp-json\/wp\/v2\/types\/page"}],"author":[{"embeddable":true,"href":"https:\/\/www.mahkemeler.net\/en\/wp-json\/wp\/v2\/users\/5"}],"replies":[{"embeddable":true,"href":"https:\/\/www.mahkemeler.net\/en\/wp-json\/wp\/v2\/comments?post=8912"}],"version-history":[{"count":22,"href":"https:\/\/www.mahkemeler.net\/en\/wp-json\/wp\/v2\/pages\/8912\/revisions"}],"predecessor-version":[{"id":9420,"href":"https:\/\/www.mahkemeler.net\/en\/wp-json\/wp\/v2\/pages\/8912\/revisions\/9420"}],"wp:attachment":[{"href":"https:\/\/www.mahkemeler.net\/en\/wp-json\/wp\/v2\/media?parent=8912"}],"curies":[{"name":"wp","href":"https:\/\/api.w.org\/{rel}","templated":true}]}}