{"id":8888,"date":"2024-12-19T14:12:10","date_gmt":"2024-12-19T12:12:10","guid":{"rendered":"https:\/\/www.mahkemeler.net\/?page_id=8888"},"modified":"2025-08-12T13:30:16","modified_gmt":"2025-08-12T11:30:16","slug":"lefkosa-kaza-mahkemesi","status":"publish","type":"page","link":"https:\/\/www.mahkemeler.net\/en\/lefkosa-kaza-mahkemesi","title":{"rendered":"District Court of Nicosia"},"content":{"rendered":"<div data-elementor-type=\"wp-page\" data-elementor-id=\"8888\" class=\"elementor elementor-8888\">\n\t\t\t\t<div class=\"elementor-element elementor-element-b09c426 e-flex e-con-boxed e-con e-parent\" data-id=\"b09c426\" data-element_type=\"container\">\n\t\t\t\t\t<div class=\"e-con-inner\">\n\t\t\t\t<div class=\"elementor-element elementor-element-52f479d elementor-widget elementor-widget-heading\" data-id=\"52f479d\" data-element_type=\"widget\" data-widget_type=\"heading.default\">\n\t\t\t\t<div class=\"elementor-widget-container\">\n\t\t\t<h1 class=\"elementor-heading-title elementor-size-default\">Judges of the District Court of Nicosia<\/h1>\t\t<\/div>\n\t\t\t\t<\/div>\n\t\t\t\t\t<\/div>\n\t\t\t\t<\/div>\n\t\t<div class=\"elementor-element elementor-element-655b4f1 e-grid e-con-boxed e-con e-parent\" data-id=\"655b4f1\" data-element_type=\"container\">\n\t\t\t\t\t<div class=\"e-con-inner\">\n\t\t\t\t<div class=\"elementor-element elementor-element-45b2e79 elementor-widget elementor-widget-teams_widget\" data-id=\"45b2e79\" data-element_type=\"widget\" data-widget_type=\"teams_widget.default\">\n\t\t\t\t<div class=\"elementor-widget-container\">\n\t\t\t<div class=\"our-team2\">\r\n    <div class=\"team_img2\">\r\n        <img decoding=\"async\" src=\"\">\r\n        <ul class=\"social2\">\r\n                    <\/ul>\r\n    <\/div>\r\n    <div class=\"team-content2\">\r\n        <h3 class=\"title2 team_titls\">D\u00fcriye Elk\u0131ran<\/h3>\r\n        <span class=\"post2 team_desc\">President District Court<\/span>\r\n    <\/div>\r\n<\/div>\t\t<\/div>\n\t\t\t\t<\/div>\n\t\t\t\t<div class=\"elementor-element elementor-element-d7ff281 elementor-widget elementor-widget-teams_widget\" data-id=\"d7ff281\" data-element_type=\"widget\" data-widget_type=\"teams_widget.default\">\n\t\t\t\t<div class=\"elementor-widget-container\">\n\t\t\t<div class=\"our-team2\">\r\n    <div class=\"team_img2\">\r\n        <img decoding=\"async\" src=\"\">\r\n        <ul class=\"social2\">\r\n                    <\/ul>\r\n    <\/div>\r\n    <div class=\"team-content2\">\r\n        <h3 class=\"title2 team_titls\">\u015eerife Katip<\/h3>\r\n        <span class=\"post2 team_desc\">Senior District Judge<\/span>\r\n    <\/div>\r\n<\/div>\t\t<\/div>\n\t\t\t\t<\/div>\n\t\t\t\t<div class=\"elementor-element elementor-element-4e64644 elementor-widget elementor-widget-teams_widget\" data-id=\"4e64644\" data-element_type=\"widget\" data-widget_type=\"teams_widget.default\">\n\t\t\t\t<div class=\"elementor-widget-container\">\n\t\t\t<div class=\"our-team2\">\r\n    <div class=\"team_img2\">\r\n        <img decoding=\"async\" src=\"\">\r\n        <ul class=\"social2\">\r\n                    <\/ul>\r\n    <\/div>\r\n    <div class=\"team-content2\">\r\n        <h3 class=\"title2 team_titls\">Rauf K\u00fcr\u015fad<\/h3>\r\n        <span class=\"post2 team_desc\">Senior District Judge<\/span>\r\n    <\/div>\r\n<\/div>\t\t<\/div>\n\t\t\t\t<\/div>\n\t\t\t\t<div class=\"elementor-element elementor-element-7c7cfaf elementor-widget elementor-widget-teams_widget\" data-id=\"7c7cfaf\" data-element_type=\"widget\" data-widget_type=\"teams_widget.default\">\n\t\t\t\t<div class=\"elementor-widget-container\">\n\t\t\t<div class=\"our-team2\">\r\n    <div class=\"team_img2\">\r\n        <img decoding=\"async\" src=\"\">\r\n        <ul class=\"social2\">\r\n                    <\/ul>\r\n    <\/div>\r\n    <div class=\"team-content2\">\r\n        <h3 class=\"title2 team_titls\">Cenkay M. \u0130nan<\/h3>\r\n        <span class=\"post2 team_desc\">Senior District Judge<\/span>\r\n    <\/div>\r\n<\/div>\t\t<\/div>\n\t\t\t\t<\/div>\n\t\t\t\t<div class=\"elementor-element elementor-element-bd54df1 elementor-widget elementor-widget-teams_widget\" data-id=\"bd54df1\" data-element_type=\"widget\" data-widget_type=\"teams_widget.default\">\n\t\t\t\t<div class=\"elementor-widget-container\">\n\t\t\t<div class=\"our-team2\">\r\n    <div class=\"team_img2\">\r\n        <img decoding=\"async\" src=\"\">\r\n        <ul class=\"social2\">\r\n                    <\/ul>\r\n    <\/div>\r\n    <div class=\"team-content2\">\r\n        <h3 class=\"title2 team_titls\">Meltem D\u00fcndar<\/h3>\r\n        <span class=\"post2 team_desc\">Senior District Judge<\/span>\r\n    <\/div>\r\n<\/div>\t\t<\/div>\n\t\t\t\t<\/div>\n\t\t\t\t<div class=\"elementor-element elementor-element-1ebfd8f elementor-widget elementor-widget-teams_widget\" data-id=\"1ebfd8f\" data-element_type=\"widget\" data-widget_type=\"teams_widget.default\">\n\t\t\t\t<div class=\"elementor-widget-container\">\n\t\t\t<div class=\"our-team2\">\r\n    <div class=\"team_img2\">\r\n        <img decoding=\"async\" src=\"\">\r\n        <ul class=\"social2\">\r\n                    <\/ul>\r\n    <\/div>\r\n    <div class=\"team-content2\">\r\n        <h3 class=\"title2 team_titls\">Umut \u0130nan<\/h3>\r\n        <span class=\"post2 team_desc\">Senior District Judge<\/span>\r\n    <\/div>\r\n<\/div>\t\t<\/div>\n\t\t\t\t<\/div>\n\t\t\t\t<div class=\"elementor-element elementor-element-12f2b97 elementor-widget elementor-widget-teams_widget\" data-id=\"12f2b97\" data-element_type=\"widget\" data-widget_type=\"teams_widget.default\">\n\t\t\t\t<div class=\"elementor-widget-container\">\n\t\t\t<div class=\"our-team2\">\r\n    <div class=\"team_img2\">\r\n        <img decoding=\"async\" src=\"\">\r\n        <ul class=\"social2\">\r\n                    <\/ul>\r\n    <\/div>\r\n    <div class=\"team-content2\">\r\n        <h3 class=\"title2 team_titls\">Seran Bensen<\/h3>\r\n        <span class=\"post2 team_desc\">District Judge<\/span>\r\n    <\/div>\r\n<\/div>\t\t<\/div>\n\t\t\t\t<\/div>\n\t\t\t\t<div class=\"elementor-element elementor-element-6ee50d6 elementor-widget elementor-widget-teams_widget\" data-id=\"6ee50d6\" data-element_type=\"widget\" data-widget_type=\"teams_widget.default\">\n\t\t\t\t<div class=\"elementor-widget-container\">\n\t\t\t<div class=\"our-team2\">\r\n    <div class=\"team_img2\">\r\n        <img decoding=\"async\" src=\"\">\r\n        <ul class=\"social2\">\r\n                    <\/ul>\r\n    <\/div>\r\n    <div class=\"team-content2\">\r\n        <h3 class=\"title2 team_titls\">Zehra Y.Bilge\u00e7<\/h3>\r\n        <span class=\"post2 team_desc\">District Judge<\/span>\r\n    <\/div>\r\n<\/div>\t\t<\/div>\n\t\t\t\t<\/div>\n\t\t\t\t<div class=\"elementor-element elementor-element-3496411 elementor-widget elementor-widget-teams_widget\" data-id=\"3496411\" data-element_type=\"widget\" data-widget_type=\"teams_widget.default\">\n\t\t\t\t<div class=\"elementor-widget-container\">\n\t\t\t<div class=\"our-team2\">\r\n    <div class=\"team_img2\">\r\n        <img decoding=\"async\" src=\"\">\r\n        <ul class=\"social2\">\r\n                    <\/ul>\r\n    <\/div>\r\n    <div class=\"team-content2\">\r\n        <h3 class=\"title2 team_titls\">\u015eevket Gazi<\/h3>\r\n        <span class=\"post2 team_desc\">District Judge<\/span>\r\n    <\/div>\r\n<\/div>\t\t<\/div>\n\t\t\t\t<\/div>\n\t\t\t\t<div class=\"elementor-element elementor-element-f706a23 elementor-widget elementor-widget-teams_widget\" data-id=\"f706a23\" data-element_type=\"widget\" data-widget_type=\"teams_widget.default\">\n\t\t\t\t<div class=\"elementor-widget-container\">\n\t\t\t<div class=\"our-team2\">\r\n    <div class=\"team_img2\">\r\n        <img decoding=\"async\" src=\"\">\r\n        <ul class=\"social2\">\r\n                    <\/ul>\r\n    <\/div>\r\n    <div class=\"team-content2\">\r\n        <h3 class=\"title2 team_titls\">Jale D. Erg\u00fcden<\/h3>\r\n        <span class=\"post2 team_desc\">District Judge<\/span>\r\n    <\/div>\r\n<\/div>\t\t<\/div>\n\t\t\t\t<\/div>\n\t\t\t\t<div class=\"elementor-element elementor-element-0628379 elementor-widget elementor-widget-teams_widget\" data-id=\"0628379\" data-element_type=\"widget\" data-widget_type=\"teams_widget.default\">\n\t\t\t\t<div class=\"elementor-widget-container\">\n\t\t\t<div class=\"our-team2\">\r\n    <div class=\"team_img2\">\r\n        <img decoding=\"async\" src=\"\">\r\n        <ul class=\"social2\">\r\n                    <\/ul>\r\n    <\/div>\r\n    <div class=\"team-content2\">\r\n        <h3 class=\"title2 team_titls\">Dil\u015fah Karayel<\/h3>\r\n        <span class=\"post2 team_desc\">District Judge<\/span>\r\n    <\/div>\r\n<\/div>\t\t<\/div>\n\t\t\t\t<\/div>\n\t\t\t\t<div class=\"elementor-element elementor-element-b30753f elementor-widget elementor-widget-teams_widget\" data-id=\"b30753f\" data-element_type=\"widget\" data-widget_type=\"teams_widget.default\">\n\t\t\t\t<div class=\"elementor-widget-container\">\n\t\t\t<div class=\"our-team2\">\r\n    <div class=\"team_img2\">\r\n        <img decoding=\"async\" src=\"\">\r\n        <ul class=\"social2\">\r\n                    <\/ul>\r\n    <\/div>\r\n    <div class=\"team-content2\">\r\n        <h3 class=\"title2 team_titls\">Tutku Canda\u015f<\/h3>\r\n        <span class=\"post2 team_desc\">District Judge<\/span>\r\n    <\/div>\r\n<\/div>\t\t<\/div>\n\t\t\t\t<\/div>\n\t\t\t\t\t<\/div>\n\t\t\t\t<\/div>\n\t\t\t\t<\/div>","protected":false},"excerpt":{"rendered":"<p>Lefko\u015fa Kaza Mahkemesi Yarg\u0131\u00e7lar\u0131 D\u00fcriye Elk\u0131ran Kaza Mahkemesi Ba\u015fkan\u0131 \u015eerife Katip Kaza Mahkemesi K\u0131demli Yarg\u0131c\u0131 Rauf K\u00fcr\u015fad Kaza Mahkemesi K\u0131demli Yarg\u0131c\u0131 Cenkay M. \u0130nan Kaza Mahkemesi K\u0131demli Yarg\u0131c\u0131 Meltem D\u00fcndar Kaza Mahkemesi K\u0131demli Yarg\u0131c\u0131 Umut \u0130nan Kaza Mahkemesi K\u0131demli Yarg\u0131c\u0131 Seran Bensen Kaza Mahkemesi Yarg\u0131c\u0131 Zehra Y.Bilge\u00e7 Kaza Mahkemesi Yarg\u0131c\u0131 \u015eevket Gazi Kaza Mahkemesi Yarg\u0131c\u0131 [&hellip;]<\/p>","protected":false},"author":3,"featured_media":0,"parent":0,"menu_order":0,"comment_status":"closed","ping_status":"closed","template":"","meta":{"om_disable_all_campaigns":false,"_monsterinsights_skip_tracking":false,"_monsterinsights_sitenote_active":false,"_monsterinsights_sitenote_note":"","_monsterinsights_sitenote_category":0,"_uf_show_specific_survey":0,"_uf_disable_surveys":false,"footnotes":""},"class_list":["post-8888","page","type-page","status-publish","hentry"],"aioseo_notices":[],"_links":{"self":[{"href":"https:\/\/www.mahkemeler.net\/en\/wp-json\/wp\/v2\/pages\/8888","targetHints":{"allow":["GET"]}}],"collection":[{"href":"https:\/\/www.mahkemeler.net\/en\/wp-json\/wp\/v2\/pages"}],"about":[{"href":"https:\/\/www.mahkemeler.net\/en\/wp-json\/wp\/v2\/types\/page"}],"author":[{"embeddable":true,"href":"https:\/\/www.mahkemeler.net\/en\/wp-json\/wp\/v2\/users\/3"}],"replies":[{"embeddable":true,"href":"https:\/\/www.mahkemeler.net\/en\/wp-json\/wp\/v2\/comments?post=8888"}],"version-history":[{"count":29,"href":"https:\/\/www.mahkemeler.net\/en\/wp-json\/wp\/v2\/pages\/8888\/revisions"}],"predecessor-version":[{"id":9414,"href":"https:\/\/www.mahkemeler.net\/en\/wp-json\/wp\/v2\/pages\/8888\/revisions\/9414"}],"wp:attachment":[{"href":"https:\/\/www.mahkemeler.net\/en\/wp-json\/wp\/v2\/media?parent=8888"}],"curies":[{"name":"wp","href":"https:\/\/api.w.org\/{rel}","templated":true}]}}