{"id":8556,"date":"2024-10-10T09:40:53","date_gmt":"2024-10-10T07:40:53","guid":{"rendered":"https:\/\/www.mahkemeler.net\/?page_id=8556"},"modified":"2024-10-15T07:20:24","modified_gmt":"2024-10-15T05:20:24","slug":"egitim-video","status":"publish","type":"page","link":"https:\/\/www.mahkemeler.net\/en\/egitim-video","title":{"rendered":"Web Sayfas\u0131 ile \u0130lgili Genel Bilgiler ve Mevzuat \u0130\u00e7erisinde Etkili Arama Y\u00f6ntemleri"},"content":{"rendered":"<div data-elementor-type=\"wp-page\" data-elementor-id=\"8556\" class=\"elementor elementor-8556\">\n\t\t\t\t<div class=\"elementor-element elementor-element-d7ebb5d e-flex e-con-boxed e-con e-parent\" data-id=\"d7ebb5d\" data-element_type=\"container\">\n\t\t\t\t\t<div class=\"e-con-inner\">\n\t\t\t\t<div class=\"elementor-element elementor-element-3c695f3 elementor-widget elementor-widget-video\" data-id=\"3c695f3\" data-element_type=\"widget\" data-settings=\"{&quot;video_type&quot;:&quot;hosted&quot;,&quot;controls&quot;:&quot;yes&quot;}\" data-widget_type=\"video.default\">\n\t\t\t\t<div class=\"elementor-widget-container\">\n\t\t\t\t\t<div class=\"e-hosted-video elementor-wrapper elementor-open-inline\">\n\t\t\t\t\t<video class=\"elementor-video\" src=\"https:\/\/www.mahkemeler.net\/wp-content\/uploads\/2024\/10\/EgitimVideo.mp4\" controls=\"\" preload=\"metadata\" controlslist=\"nodownload\"><\/video>\n\t\t\t\t<\/div>\n\t\t\t\t<\/div>\n\t\t\t\t<\/div>\n\t\t\t\t\t<\/div>\n\t\t\t\t<\/div>\n\t\t\t\t<\/div>","protected":false},"excerpt":{"rendered":"<p>https:\/\/www.mahkemeler.net\/wp-content\/uploads\/2024\/10\/EgitimVideo.mp4<\/p>","protected":false},"author":2,"featured_media":0,"parent":0,"menu_order":0,"comment_status":"closed","ping_status":"closed","template":"","meta":{"om_disable_all_campaigns":false,"_monsterinsights_skip_tracking":false,"_monsterinsights_sitenote_active":false,"_monsterinsights_sitenote_note":"","_monsterinsights_sitenote_category":0,"_uf_show_specific_survey":0,"_uf_disable_surveys":false,"footnotes":""},"class_list":["post-8556","page","type-page","status-publish","hentry"],"aioseo_notices":[],"_links":{"self":[{"href":"https:\/\/www.mahkemeler.net\/en\/wp-json\/wp\/v2\/pages\/8556","targetHints":{"allow":["GET"]}}],"collection":[{"href":"https:\/\/www.mahkemeler.net\/en\/wp-json\/wp\/v2\/pages"}],"about":[{"href":"https:\/\/www.mahkemeler.net\/en\/wp-json\/wp\/v2\/types\/page"}],"author":[{"embeddable":true,"href":"https:\/\/www.mahkemeler.net\/en\/wp-json\/wp\/v2\/users\/2"}],"replies":[{"embeddable":true,"href":"https:\/\/www.mahkemeler.net\/en\/wp-json\/wp\/v2\/comments?post=8556"}],"version-history":[{"count":8,"href":"https:\/\/www.mahkemeler.net\/en\/wp-json\/wp\/v2\/pages\/8556\/revisions"}],"predecessor-version":[{"id":8572,"href":"https:\/\/www.mahkemeler.net\/en\/wp-json\/wp\/v2\/pages\/8556\/revisions\/8572"}],"wp:attachment":[{"href":"https:\/\/www.mahkemeler.net\/en\/wp-json\/wp\/v2\/media?parent=8556"}],"curies":[{"name":"wp","href":"https:\/\/api.w.org\/{rel}","templated":true}]}}