{"id":8371,"date":"2024-08-16T10:54:42","date_gmt":"2024-08-16T08:54:42","guid":{"rendered":"https:\/\/www.mahkemeler.net\/?page_id=8371"},"modified":"2024-08-16T11:06:24","modified_gmt":"2024-08-16T09:06:24","slug":"anayasa","status":"publish","type":"page","link":"https:\/\/www.mahkemeler.net\/en\/anayasa","title":{"rendered":"The Constitution"},"content":{"rendered":"<div data-elementor-type=\"wp-page\" data-elementor-id=\"8371\" class=\"elementor elementor-8371\">\n\t\t\t\t<div class=\"elementor-element elementor-element-9cd0fb6 e-flex e-con-boxed e-con e-parent\" data-id=\"9cd0fb6\" data-element_type=\"container\">\n\t\t\t\t\t<div class=\"e-con-inner\">\n\t\t\t\t<div class=\"elementor-element elementor-element-b01899b elementor-widget elementor-widget-ova_doc\" data-id=\"b01899b\" data-element_type=\"widget\" data-widget_type=\"ova_doc.default\">\n\t\t\t\t<div class=\"elementor-widget-container\">\n\t\t\t<div class=\"ova-document-list\">\n\t<div class=\"icon-doc\">\n\t\t<i class=\"flaticon-google-docs\"><\/i>\n\t<\/div>\n\t<div class=\"list-doc\">\n\t\t\t\t\t<div class=\"item\">\n\t\t\t\t\t\t\t\t<h3 class=\"title\">\n\t\t\t\t\t<a href=\"https:\/\/www.mahkemeler.net\/en\/archives\/ova_doc\/1960-anayasasi-ingilizce-metin\">\n\t\t\t\t\t\t1960 Constitution - English Text\t\t\t\t\t<\/a>\n\t\t\t\t<\/h3>\n\t\t\t\t\t\t\t\t\n\t\t\t<\/div>\n\n\t\t\t\t\t<div class=\"item\">\n\t\t\t\t\t\t\t\t<h3 class=\"title\">\n\t\t\t\t\t<a href=\"https:\/\/www.mahkemeler.net\/en\/archives\/ova_doc\/temel-kurallar\">\n\t\t\t\t\t\tFundamental Rules\t\t\t\t\t<\/a>\n\t\t\t\t<\/h3>\n\t\t\t\t\t\t\t\t\n\t\t\t<\/div>\n\n\t\t\t\t\t<div class=\"item\">\n\t\t\t\t\t\t\t\t<h3 class=\"title\">\n\t\t\t\t\t<a href=\"https:\/\/www.mahkemeler.net\/en\/archives\/ova_doc\/kibris-turk-federe-devleti-anayasasi\">\n\t\t\t\t\t\tConstitution of the Turkish Federated State of Cyprus\t\t\t\t\t<\/a>\n\t\t\t\t<\/h3>\n\t\t\t\t\t\t\t\t\n\t\t\t<\/div>\n\n\t\t\t\t\t<div class=\"item\">\n\t\t\t\t\t\t\t\t<h3 class=\"title\">\n\t\t\t\t\t<a href=\"https:\/\/www.mahkemeler.net\/en\/archives\/ova_doc\/kuzey-kibris-turk-cumhuriyeti-anayasasi\">\n\t\t\t\t\t\tConstitution of the Turkish Republic of Northern Cyprus\t\t\t\t\t<\/a>\n\t\t\t\t<\/h3>\n\t\t\t\t\t\t\t\t\n\t\t\t<\/div>\n\n\t\t\t\t\t<div class=\"item\">\n\t\t\t\t\t\t\t\t<h3 class=\"title\">\n\t\t\t\t\t<a href=\"https:\/\/www.mahkemeler.net\/en\/archives\/ova_doc\/the-constitution-of-the-turkish-republic-of-northern-cyprus\">\n\t\t\t\t\t\tThe Constitution of the Turkish Republic Of Northern Cyprus\t\t\t\t\t<\/a>\n\t\t\t\t<\/h3>\n\t\t\t\t\t\t\t\t\n\t\t\t<\/div>\n\n\t\t\t\t\t<div class=\"item\">\n\t\t\t\t\t\t\t\t<h3 class=\"title\">\n\t\t\t\t\t<a href=\"https:\/\/www.mahkemeler.net\/en\/archives\/ova_doc\/1960-anayasasi\">\n\t\t\t\t\t\t1960 Constitution\t\t\t\t\t<\/a>\n\t\t\t\t<\/h3>\n\t\t\t\t\t\t\t\t\n\t\t\t<\/div>\n\n\t\t\n\t\t\n\t<\/div>\n<\/div>\t\t<\/div>\n\t\t\t\t<\/div>\n\t\t\t\t\t<\/div>\n\t\t\t\t<\/div>\n\t\t\t\t<\/div>","protected":false},"excerpt":{"rendered":"<p>1960 Anayasas\u0131 1960 Anayasas\u0131 &#8211; \u0130ngilizce Metin Temel Kurallar K\u0131br\u0131s T\u00fcrk Federe Devleti Anayasas\u0131 Kuzey K\u0131br\u0131s T\u00fcrk Cumhuriyeti Anayasas\u0131 The Constitution of the Turkish Republic Of Northern Cyprus<\/p>","protected":false},"author":2,"featured_media":0,"parent":0,"menu_order":0,"comment_status":"closed","ping_status":"closed","template":"","meta":{"om_disable_all_campaigns":false,"_monsterinsights_skip_tracking":false,"_monsterinsights_sitenote_active":false,"_monsterinsights_sitenote_note":"","_monsterinsights_sitenote_category":0,"_uf_show_specific_survey":0,"_uf_disable_surveys":false,"footnotes":""},"class_list":["post-8371","page","type-page","status-publish","hentry"],"aioseo_notices":[],"_links":{"self":[{"href":"https:\/\/www.mahkemeler.net\/en\/wp-json\/wp\/v2\/pages\/8371","targetHints":{"allow":["GET"]}}],"collection":[{"href":"https:\/\/www.mahkemeler.net\/en\/wp-json\/wp\/v2\/pages"}],"about":[{"href":"https:\/\/www.mahkemeler.net\/en\/wp-json\/wp\/v2\/types\/page"}],"author":[{"embeddable":true,"href":"https:\/\/www.mahkemeler.net\/en\/wp-json\/wp\/v2\/users\/2"}],"replies":[{"embeddable":true,"href":"https:\/\/www.mahkemeler.net\/en\/wp-json\/wp\/v2\/comments?post=8371"}],"version-history":[{"count":13,"href":"https:\/\/www.mahkemeler.net\/en\/wp-json\/wp\/v2\/pages\/8371\/revisions"}],"predecessor-version":[{"id":8402,"href":"https:\/\/www.mahkemeler.net\/en\/wp-json\/wp\/v2\/pages\/8371\/revisions\/8402"}],"wp:attachment":[{"href":"https:\/\/www.mahkemeler.net\/en\/wp-json\/wp\/v2\/media?parent=8371"}],"curies":[{"name":"wp","href":"https:\/\/api.w.org\/{rel}","templated":true}]}}