{"id":7364,"date":"2024-07-30T09:03:35","date_gmt":"2024-07-30T07:03:35","guid":{"rendered":"http:\/\/192.168.100.211\/?page_id=7364"},"modified":"2025-05-26T08:42:32","modified_gmt":"2025-05-26T06:42:32","slug":"telefon-rehberi","status":"publish","type":"page","link":"https:\/\/www.mahkemeler.net\/en\/telefon-rehberi","title":{"rendered":"Phone Numbers"},"content":{"rendered":"<div data-elementor-type=\"wp-page\" data-elementor-id=\"7364\" class=\"elementor elementor-7364\">\n\t\t\t\t<div class=\"elementor-element elementor-element-ef7ec41 e-flex e-con-boxed e-con e-parent\" data-id=\"ef7ec41\" data-element_type=\"container\">\n\t\t\t\t\t<div class=\"e-con-inner\">\n\t\t\t\t<div class=\"elementor-element elementor-element-36b9426 elementor-widget elementor-widget-text-editor\" data-id=\"36b9426\" data-element_type=\"widget\" data-widget_type=\"text-editor.default\">\n\t\t\t\t<div class=\"elementor-widget-container\">\n\t\t\t\t\t\t\t<h2>Supreme Court<\/h2><p><strong>President of the Supreme Court \u2013 Bertan \u00d6zerda\u011f:\u00a0<\/strong>(+90) 392 612 2001 &#8211; (+90) 392 228 7535<\/p><p><strong>Secretary General of the Supreme Court - Ne\u015fe Ba\u015fkan:\u00a0<\/strong>(+90) 392 612 2009<\/p><p><strong>Deputy Chief Registrar - Fatma \u00d6ztekiner Ba\u011fc\u0131er:\u00a0<\/strong>(+90) 392 612 2090<\/p><p><strong>Ba\u015fmukayyit Yard\u0131mc\u0131s\u0131 &#8211; Mahmure Keskiner: <\/strong>(+90) 392 612 2097<\/p><p><strong>Secretary General's Office:\u00a0<\/strong>(+90) 392 612 2010<\/p><p><strong>Supreme Court Registry:\u00a0<\/strong>(+90) 392 612 2011<\/p><p><strong>Library:\u00a0<\/strong>(+90) 392 612 2012<\/p><p><strong>Office of the Chief of Jurisprudence Publication:\u00a0<\/strong>(+90) 392 612 2013<\/p><p><strong>Supreme Electoral Council:\u00a0<\/strong>(+90) 392 612 2014<\/p><p><strong>Voter Registration Office:\u00a0<\/strong>(+90) 392 612 2015<\/p><p><strong>Finance:\u00a0<\/strong>(+90) 392 612 2016<\/p><h2>District Court of Nicosia<\/h2><p><strong>Civil Court Registry:\u00a0<\/strong>(+90) 392 612 2018<\/p><p><strong>Criminal Court Registry:\u00a0<\/strong>(+90) 392 612 2019<\/p><p><strong>Family Court Registry:\u00a0<\/strong>(+90) 392 612 2020<\/p><p><strong>Probate Registry:\u00a0<\/strong>(+90) 392 612 2021<\/p><p><strong>Finance (Law):\u00a0<\/strong>(+90) 392 612 2026<\/p><p><strong>Finance (Criminal):\u00a0<\/strong>(+90) 392 612 2023<\/p><p><strong>Service of Process and Enforcement Registry:\u00a0<\/strong>(+90) 392 612 2024<\/p><p><strong>District Election Committee:\u00a0<\/strong>(+90) 392 612 2025<\/p><h2>District Court of Famagusta<\/h2><p><strong>Civil Court Registry:\u00a0<\/strong>(+90) 392 612 2034<\/p><p><strong>Criminal Court Registry:\u00a0<\/strong>(+90) 392 612 2035<\/p><p><strong>Family Court Registry:\u00a0<\/strong>(+90) 392 612 2036<\/p><p><strong>Probate Registry:\u00a0<\/strong>(+90) 392 612 2037<\/p><p><strong>Finance:\u00a0<\/strong>(+90) 392 612 2038<\/p><p><strong>Service of Process and Enforcement Registry:\u00a0<\/strong>(+90) 392 612 2039<\/p><p><strong>District Election Committee:\u00a0<\/strong>(+90) 392 612 2040<\/p><h2>District Court of Kyrenia<\/h2><p><strong>Civil Court Registry:\u00a0<\/strong>(+90) 392 612 2050<\/p><p><strong>Criminal Court Registry:\u00a0<\/strong>(+90) 392 612 2051<\/p><p><strong>Family Court Registry:\u00a0<\/strong>(+90) 392 612 2052<\/p><p><strong>Probate Registry:\u00a0<\/strong>(+90) 392 612 2053<\/p><p><strong>Finance:\u00a0<\/strong>(+90) 392 612 2054<\/p><p><strong>Service of Process and Enforcement Registry:\u00a0<\/strong>(+90) 392 612 2055<\/p><p><strong>District Election Committee:\u00a0<\/strong>(+90) 392 612 2056<\/p><h2>District Court of Morphou<\/h2><p><strong>Civil Court Registry:\u00a0<\/strong>(+90) 392 612 2066<\/p><p><strong>Criminal Court Registry:\u00a0<\/strong>(+90) 392 612 2067<\/p><p><strong>Family Court Registry:\u00a0<\/strong>(+90) 392 612 2068<\/p><p><strong>Probate Registry:\u00a0<\/strong>(+90) 392 612 2069<\/p><p><strong>Finance:\u00a0<\/strong>(+90) 392 612 2070<\/p><p><strong>Service of Process and Enforcement Registry:\u00a0<\/strong>(+90) 392 612 2071<\/p><p><strong>District Election Committee:\u00a0<\/strong>(+90) 392 612 2072<\/p><h2>District Court of \u0130skele<\/h2><p><strong>Civil Court Registry:\u00a0<\/strong>(+90) 392 612 2076<\/p><p><strong>Criminal Court Registry:\u00a0<\/strong>(+90) 392 612 2077<\/p><p><strong>Family Court Registry:\u00a0<\/strong>(+90) 392 612 2078<\/p><p><strong>Probate Registry:\u00a0<\/strong>(+90) 392 612 2079<\/p><p><strong>Finance:\u00a0<\/strong>(+90) 392 612 2080<\/p><p><strong>Service of Process and Enforcement Registry:\u00a0<\/strong>(+90) 392 612 2081<\/p><p><strong>District Election Committee:\u00a0<\/strong>(+90) 392 612 2082<\/p><h2>District Court of Lefka<\/h2><p><strong>Civil Court Registry:\u00a0<\/strong>(+90) 392 612 2092<\/p><p><strong>Criminal Court Registry:\u00a0<\/strong>(+90) 392 612 2093<\/p><p><strong>Family Court Registry:\u00a0<\/strong>(+90) 392 612 2094<\/p><p><strong>Probate Registry:\u00a0<\/strong>(+90) 392 612 2095<\/p><p><strong>Finance:\u00a0<\/strong>(+90) 392 612 2096<\/p><p><strong>Service of Process and Enforcement Registry:\u00a0<\/strong>(+90) 392 612 2097<\/p><p><strong>District Election Committee:\u00a0<\/strong>(+90) 392 612 2098<\/p>\t\t\t\t\t\t<\/div>\n\t\t\t\t<\/div>\n\t\t\t\t\t<\/div>\n\t\t\t\t<\/div>\n\t\t\t\t<\/div>","protected":false},"excerpt":{"rendered":"<p>Y\u00fcksek Mahkeme Y\u00fcksek Mahkeme Ba\u015fkan\u0131 &#8211; Bertan \u00d6zerda\u011f:\u00a0(+90) 392 612 2001 &#8211; (+90) 392 228 7535 Y\u00fcksek Mahkeme Genel Sekreteri &#8211; Ne\u015fe Ba\u015fkan:\u00a0(+90) 392 612 2009 Ba\u015fmukayyit Yard\u0131mc\u0131s\u0131 &#8211; Fatma \u00d6ztekiner Ba\u011fc\u0131er:\u00a0(+90) 392 612 2090 Ba\u015fmukayyit Yard\u0131mc\u0131s\u0131 &#8211; Mahmure Keskiner: (+90) 392 612 2097 Genel Sekreterlik:\u00a0(+90) 392 612 2010 Y\u00fcksek Mahkeme Mukayyitli\u011fi:\u00a0(+90) 392 612 2011 [&hellip;]<\/p>","protected":false},"author":2,"featured_media":0,"parent":0,"menu_order":0,"comment_status":"closed","ping_status":"closed","template":"","meta":{"om_disable_all_campaigns":false,"_monsterinsights_skip_tracking":false,"_monsterinsights_sitenote_active":false,"_monsterinsights_sitenote_note":"","_monsterinsights_sitenote_category":0,"_uf_show_specific_survey":0,"_uf_disable_surveys":false,"footnotes":""},"class_list":["post-7364","page","type-page","status-publish","hentry"],"aioseo_notices":[],"_links":{"self":[{"href":"https:\/\/www.mahkemeler.net\/en\/wp-json\/wp\/v2\/pages\/7364","targetHints":{"allow":["GET"]}}],"collection":[{"href":"https:\/\/www.mahkemeler.net\/en\/wp-json\/wp\/v2\/pages"}],"about":[{"href":"https:\/\/www.mahkemeler.net\/en\/wp-json\/wp\/v2\/types\/page"}],"author":[{"embeddable":true,"href":"https:\/\/www.mahkemeler.net\/en\/wp-json\/wp\/v2\/users\/2"}],"replies":[{"embeddable":true,"href":"https:\/\/www.mahkemeler.net\/en\/wp-json\/wp\/v2\/comments?post=7364"}],"version-history":[{"count":7,"href":"https:\/\/www.mahkemeler.net\/en\/wp-json\/wp\/v2\/pages\/7364\/revisions"}],"predecessor-version":[{"id":9307,"href":"https:\/\/www.mahkemeler.net\/en\/wp-json\/wp\/v2\/pages\/7364\/revisions\/9307"}],"wp:attachment":[{"href":"https:\/\/www.mahkemeler.net\/en\/wp-json\/wp\/v2\/media?parent=7364"}],"curies":[{"name":"wp","href":"https:\/\/api.w.org\/{rel}","templated":true}]}}