{"id":16,"date":"2024-07-18T07:25:05","date_gmt":"2024-07-18T07:25:05","guid":{"rendered":"http:\/\/192.168.100.211\/?page_id=16"},"modified":"2024-09-20T12:17:44","modified_gmt":"2024-09-20T10:17:44","slug":"elektronik-hizmetler-ve-eds","status":"publish","type":"page","link":"https:\/\/www.mahkemeler.net\/en\/elektronik-hizmetler-ve-eds","title":{"rendered":"Electronic Services and Electronic Filing Services"},"content":{"rendered":"<div data-elementor-type=\"wp-page\" data-elementor-id=\"16\" class=\"elementor elementor-16\">\n\t\t\t\t<div class=\"elementor-element elementor-element-9cd0fb6 e-flex e-con-boxed e-con e-parent\" data-id=\"9cd0fb6\" data-element_type=\"container\">\n\t\t\t\t\t<div class=\"e-con-inner\">\n\t\t\t\t<div class=\"elementor-element elementor-element-ef4f0eb elementor-widget elementor-widget-text-editor\" data-id=\"ef4f0eb\" data-element_type=\"widget\" data-widget_type=\"text-editor.default\">\n\t\t\t\t<div class=\"elementor-widget-container\">\n\t\t\t\t\t\t\t<h2>On this page, you can find information about the services provided by the TRNC Courts in the electronic environment and details about the EDS (Electronic Filing System).<\/h2><form id=\"form1\" action=\"https:\/\/www.mahkemeler.net\/en\/cgi-bin\/eds.aspx\/\" method=\"post\" name=\"form1\" data-trp-original-action=\"https:\/\/www.mahkemeler.net\/cgi-bin\/eds.aspx\"><p><b>As of January 22, 2018, you can complete your Electronic Filing transactions through the Lawyer Portal.<\/b><\/p><p>The total number of lawsuits filed through the Lawyer Portal is as follows:<\/p><p>O.65\u00a0 \u00a0 \u00a054584<\/p><p>O.2 R.1\u00a0 \u00a0 2238<\/p><p>O.2 R.6\u00a0 \u00a0 10184<\/p><input type=\"hidden\" name=\"trp-form-language\" value=\"en\"\/><\/form>\t\t\t\t\t\t<\/div>\n\t\t\t\t<\/div>\n\t\t\t\t<div class=\"elementor-element elementor-element-a856eb5 elementor-widget elementor-widget-text-editor\" data-id=\"a856eb5\" data-element_type=\"widget\" data-widget_type=\"text-editor.default\">\n\t\t\t\t<div class=\"elementor-widget-container\">\n\t\t\t\t\t\t\t<p><b>Why should I use EDS?<\/b><\/p><ul><li>You can file your lawsuit online independently of time (24\/7) and location (anywhere with an internet connection).<\/li><li>You can automatically receive the case number and the initial assignment date from the system.<\/li><li>By paying the case fee with your credit card, you can save time without the need for buying, affixing, or calculating stamps.<\/li><li>You can file documents from any computer connected to the internet without waiting in line at the registry.<\/li><li>You will pay less in fees.\u00a0<\/li><\/ul><p>Please read the following documents before starting to file a lawsuit electronically.<\/p>\t\t\t\t\t\t<\/div>\n\t\t\t\t<\/div>\n\t\t\t\t<div class=\"elementor-element elementor-element-b01899b elementor-widget elementor-widget-ova_doc\" data-id=\"b01899b\" data-element_type=\"widget\" data-widget_type=\"ova_doc.default\">\n\t\t\t\t<div class=\"elementor-widget-container\">\n\t\t\t<div class=\"ova-document-list\">\n\t<div class=\"icon-doc\">\n\t\t<i class=\"flaticon-google-docs\"><\/i>\n\t<\/div>\n\t<div class=\"list-doc\">\n\t\t\t\t\t<div class=\"item\">\n\t\t\t\t\t\t\t\t<h3 class=\"title\">\n\t\t\t\t\t<a href=\"https:\/\/www.mahkemeler.net\/en\/archives\/ova_doc\/eds-kullanim-sartlari\">\n\t\t\t\t\t\tEDS Terms of Use\t\t\t\t\t<\/a>\n\t\t\t\t<\/h3>\n\t\t\t\t\t\t\t\t\n\t\t\t<\/div>\n\n\t\t\t\t\t<div class=\"item\">\n\t\t\t\t\t\t\t\t<h3 class=\"title\">\n\t\t\t\t\t<a href=\"https:\/\/www.mahkemeler.net\/en\/archives\/ova_doc\/edsyi-kullanirken-dikkat-etmeniz-gereken-onemli-noktalar\">\n\t\t\t\t\t\tImportant points to be aware of when using the EDS\t\t\t\t\t<\/a>\n\t\t\t\t<\/h3>\n\t\t\t\t\t\t\t\t\n\t\t\t<\/div>\n\n\t\t\n\t\t\n\t<\/div>\n<\/div>\t\t<\/div>\n\t\t\t\t<\/div>\n\t\t\t\t\t<\/div>\n\t\t\t\t<\/div>\n\t\t<div class=\"elementor-element elementor-element-c42c677 e-flex e-con-boxed e-con e-parent\" data-id=\"c42c677\" data-element_type=\"container\">\n\t\t\t\t\t<div class=\"e-con-inner\">\n\t\t\t\t<div class=\"elementor-element elementor-element-24ee28a elementor-widget elementor-widget-text-editor\" data-id=\"24ee28a\" data-element_type=\"widget\" data-widget_type=\"text-editor.default\">\n\t\t\t\t<div class=\"elementor-widget-container\">\n\t\t\t\t\t\t\t<p>Important Notice: Due to high demand, a quota has been implemented on the daily number of electronic cases that can be filed via EDS.<\/p>\t\t\t\t\t\t<\/div>\n\t\t\t\t<\/div>\n\t\t\t\t\t<\/div>\n\t\t\t\t<\/div>\n\t\t\t\t<\/div>","protected":false},"excerpt":{"rendered":"<p>Bu sayfada KKTC Mahkemelerinin elektronik ortamda sundu\u011fu hizmetlere ve EDS (Elektronik Dosyalama Sistemi) ile ilgili bilgilere ula\u015fabilirsiniz. 22 Ocak 2018 tarihi itibari ile Elektronik Dosyalama i\u015flemlerinizi Avukat Portal\u0131 \u00fczerinden yapabilirsiniz. Avukat Portal\u0131 \u00fczerinden a\u00e7\u0131lan toplam dava say\u0131lar\u0131 a\u015fa\u011f\u0131daki gibidir: E.65\u00a0 \u00a0 \u00a054584 E.2 N.1\u00a0 \u00a0 2238 E.2 N.6\u00a0 \u00a0 10184 Neden EDS&#8217;yi kullanmal\u0131y\u0131m ? Davan\u0131z\u0131 [&hellip;]<\/p>","protected":false},"author":1,"featured_media":0,"parent":0,"menu_order":0,"comment_status":"closed","ping_status":"closed","template":"","meta":{"om_disable_all_campaigns":false,"_monsterinsights_skip_tracking":false,"_monsterinsights_sitenote_active":false,"_monsterinsights_sitenote_note":"","_monsterinsights_sitenote_category":0,"_uf_show_specific_survey":0,"_uf_disable_surveys":false,"footnotes":""},"class_list":["post-16","page","type-page","status-publish","hentry"],"aioseo_notices":[],"_links":{"self":[{"href":"https:\/\/www.mahkemeler.net\/en\/wp-json\/wp\/v2\/pages\/16","targetHints":{"allow":["GET"]}}],"collection":[{"href":"https:\/\/www.mahkemeler.net\/en\/wp-json\/wp\/v2\/pages"}],"about":[{"href":"https:\/\/www.mahkemeler.net\/en\/wp-json\/wp\/v2\/types\/page"}],"author":[{"embeddable":true,"href":"https:\/\/www.mahkemeler.net\/en\/wp-json\/wp\/v2\/users\/1"}],"replies":[{"embeddable":true,"href":"https:\/\/www.mahkemeler.net\/en\/wp-json\/wp\/v2\/comments?post=16"}],"version-history":[{"count":37,"href":"https:\/\/www.mahkemeler.net\/en\/wp-json\/wp\/v2\/pages\/16\/revisions"}],"predecessor-version":[{"id":8541,"href":"https:\/\/www.mahkemeler.net\/en\/wp-json\/wp\/v2\/pages\/16\/revisions\/8541"}],"wp:attachment":[{"href":"https:\/\/www.mahkemeler.net\/en\/wp-json\/wp\/v2\/media?parent=16"}],"curies":[{"name":"wp","href":"https:\/\/api.w.org\/{rel}","templated":true}]}}