{"id":10588,"date":"2026-01-27T14:45:36","date_gmt":"2026-01-27T12:45:36","guid":{"rendered":"https:\/\/www.mahkemeler.net\/?page_id=10588"},"modified":"2026-02-05T09:02:01","modified_gmt":"2026-02-05T07:02:01","slug":"anayasa-degisiklik-onerisi","status":"publish","type":"page","link":"https:\/\/www.mahkemeler.net\/en\/anayasa-degisiklik-onerisi","title":{"rendered":"Constitutional Amendment Proposal"},"content":{"rendered":"<figure class=\"wp-block-video\"><video height=\"480\" style=\"aspect-ratio: 848 \/ 480;\" width=\"848\" controls src=\"https:\/\/www.mahkemeler.net\/wp-content\/uploads\/2026\/02\/Anayasa-Degisiklik-Onerisinin-Amaci-Animasyon-v4-Seslendirilmis.mp4\"><\/video><\/figure>\n\n\n\n<div data-wp-interactive=\"core\/file\" class=\"wp-block-file\"><object data-wp-bind--hidden=\"!state.hasPdfPreview\" hidden class=\"wp-block-file__embed\" data=\"https:\/\/www.mahkemeler.net\/wp-content\/uploads\/2026\/01\/Anayasa-Degisiklik-Onerisi.pdf\" type=\"application\/pdf\" style=\"width:100%;height:600px\" aria-label=\"Embed of Anayasa De\u011fi\u015fiklik \u00d6nerisi.\"><\/object><a id=\"wp-block-file--media-92ac8026-27e0-4a79-9d4b-8f44c435444c\" href=\"https:\/\/www.mahkemeler.net\/wp-content\/uploads\/2026\/01\/Anayasa-Degisiklik-Onerisi.pdf\">Constitutional Amendment Proposal<\/a><a href=\"https:\/\/www.mahkemeler.net\/wp-content\/uploads\/2026\/01\/Anayasa-Degisiklik-Onerisi.pdf\" class=\"wp-block-file__button wp-element-button\" download aria-describedby=\"wp-block-file--media-92ac8026-27e0-4a79-9d4b-8f44c435444c\">Download<\/a><\/div>","protected":false},"excerpt":{"rendered":"","protected":false},"author":2,"featured_media":0,"parent":0,"menu_order":0,"comment_status":"closed","ping_status":"closed","template":"","meta":{"om_disable_all_campaigns":false,"_monsterinsights_skip_tracking":false,"_monsterinsights_sitenote_active":false,"_monsterinsights_sitenote_note":"","_monsterinsights_sitenote_category":0,"_uf_show_specific_survey":0,"_uf_disable_surveys":false,"footnotes":""},"class_list":["post-10588","page","type-page","status-publish","hentry"],"aioseo_notices":[],"_links":{"self":[{"href":"https:\/\/www.mahkemeler.net\/en\/wp-json\/wp\/v2\/pages\/10588","targetHints":{"allow":["GET"]}}],"collection":[{"href":"https:\/\/www.mahkemeler.net\/en\/wp-json\/wp\/v2\/pages"}],"about":[{"href":"https:\/\/www.mahkemeler.net\/en\/wp-json\/wp\/v2\/types\/page"}],"author":[{"embeddable":true,"href":"https:\/\/www.mahkemeler.net\/en\/wp-json\/wp\/v2\/users\/2"}],"replies":[{"embeddable":true,"href":"https:\/\/www.mahkemeler.net\/en\/wp-json\/wp\/v2\/comments?post=10588"}],"version-history":[{"count":2,"href":"https:\/\/www.mahkemeler.net\/en\/wp-json\/wp\/v2\/pages\/10588\/revisions"}],"predecessor-version":[{"id":10601,"href":"https:\/\/www.mahkemeler.net\/en\/wp-json\/wp\/v2\/pages\/10588\/revisions\/10601"}],"wp:attachment":[{"href":"https:\/\/www.mahkemeler.net\/en\/wp-json\/wp\/v2\/media?parent=10588"}],"curies":[{"name":"wp","href":"https:\/\/api.w.org\/{rel}","templated":true}]}}